{"id":1302,"date":"2023-09-01T18:00:44","date_gmt":"2023-09-01T16:00:44","guid":{"rendered":"https:\/\/trilzone.com\/?page_id=1302"},"modified":"2023-09-02T12:49:44","modified_gmt":"2023-09-02T10:49:44","slug":"kurse","status":"publish","type":"page","link":"https:\/\/scap-test.ch\/?page_id=1302","title":{"rendered":"Kurse"},"content":{"rendered":"\t\t<div data-elementor-type=\"wp-page\" data-elementor-id=\"1302\" class=\"elementor elementor-1302\" data-elementor-post-type=\"page\">\n\t\t\t\t\t\t<section class=\"elementor-section elementor-top-section elementor-element elementor-element-52aad2ce elementor-section-boxed elementor-section-height-default elementor-section-height-default\" data-id=\"52aad2ce\" data-element_type=\"section\" data-e-type=\"section\">\n\t\t\t\t\t\t<div class=\"elementor-container elementor-column-gap-default\">\n\t\t\t\t\t<div class=\"elementor-column elementor-col-50 elementor-top-column elementor-element elementor-element-6ac5d371\" data-id=\"6ac5d371\" data-element_type=\"column\" data-e-type=\"column\">\n\t\t\t<div class=\"elementor-widget-wrap elementor-element-populated\">\n\t\t\t\t\t\t<div class=\"elementor-element elementor-element-7509480e elementor-widget elementor-widget-heading\" data-id=\"7509480e\" data-element_type=\"widget\" data-e-type=\"widget\" data-widget_type=\"heading.default\">\n\t\t\t\t<div class=\"elementor-widget-container\">\n\t\t\t\t\t<h2 class=\"elementor-heading-title elementor-size-default\">Segelkurse beim SCaP\n<\/h2>\t\t\t\t<\/div>\n\t\t\t\t<\/div>\n\t\t\t\t<div class=\"elementor-element elementor-element-c8e31f0 elementor-widget elementor-widget-heading\" data-id=\"c8e31f0\" data-element_type=\"widget\" data-e-type=\"widget\" data-widget_type=\"heading.default\">\n\t\t\t\t<div class=\"elementor-widget-container\">\n\t\t\t\t\t<h2 class=\"elementor-heading-title elementor-size-default\">Segeln lernen, Freiheit erleben!<\/h2>\t\t\t\t<\/div>\n\t\t\t\t<\/div>\n\t\t\t\t<div class=\"elementor-element elementor-element-3ccdff29 elementor-widget elementor-widget-text-editor\" data-id=\"3ccdff29\" data-element_type=\"widget\" data-e-type=\"widget\" data-widget_type=\"text-editor.default\">\n\t\t\t\t<div class=\"elementor-widget-container\">\n\t\t\t\t\t\t\t\t\t<div class=\"ce_text block\"><p>Wollten Sie schon immer die Freiheit und die Faszination des Segelns erleben? Bei uns sind Sie genau richtig! Wir bieten ein vielseitiges Kursangebot f\u00fcr alle Altersklassen und Segelkenntnisse. Von jungen Seefahrern bis zu erfahrenen Erwachsenen \u2013 hier ist f\u00fcr jeden etwas dabei.\u00a0<\/p><\/div>\t\t\t\t\t\t\t\t<\/div>\n\t\t\t\t<\/div>\n\t\t\t\t\t<\/div>\n\t\t<\/div>\n\t\t\t\t<div class=\"elementor-column elementor-col-50 elementor-top-column elementor-element elementor-element-35a5d791\" data-id=\"35a5d791\" data-element_type=\"column\" data-e-type=\"column\">\n\t\t\t<div class=\"elementor-widget-wrap elementor-element-populated\">\n\t\t\t\t\t\t<div class=\"elementor-element elementor-element-67ca8212 elementor-widget elementor-widget-image\" data-id=\"67ca8212\" data-element_type=\"widget\" data-e-type=\"widget\" data-widget_type=\"image.default\">\n\t\t\t\t<div class=\"elementor-widget-container\">\n\t\t\t\t\t\t\t\t\t\t\t\t\t\t\t<img decoding=\"async\" width=\"110\" height=\"101\" src=\"https:\/\/scap-test.ch\/wp-content\/uploads\/2023\/07\/logo-swiss-sailing.png\" class=\"attachment-large size-large wp-image-808\" alt=\"\" \/>\t\t\t\t\t\t\t\t\t\t\t\t\t\t\t<\/div>\n\t\t\t\t<\/div>\n\t\t\t\t\t<\/div>\n\t\t<\/div>\n\t\t\t\t\t<\/div>\n\t\t<\/section>\n\t\t\t\t<section class=\"elementor-section elementor-top-section elementor-element elementor-element-47e2acd2 elementor-section-boxed elementor-section-height-default elementor-section-height-default\" data-id=\"47e2acd2\" data-element_type=\"section\" data-e-type=\"section\">\n\t\t\t\t\t\t<div class=\"elementor-container elementor-column-gap-default\">\n\t\t\t\t\t<div class=\"elementor-column elementor-col-50 elementor-top-column elementor-element elementor-element-4347cd6b\" data-id=\"4347cd6b\" data-element_type=\"column\" data-e-type=\"column\">\n\t\t\t<div class=\"elementor-widget-wrap elementor-element-populated\">\n\t\t\t\t\t\t<div class=\"elementor-element elementor-element-54d8bc26 elementor-widget elementor-widget-heading\" data-id=\"54d8bc26\" data-element_type=\"widget\" data-e-type=\"widget\" data-widget_type=\"heading.default\">\n\t\t\t\t<div class=\"elementor-widget-container\">\n\t\t\t\t\t<h2 class=\"elementor-heading-title elementor-size-default\">Jugendseglerkurse: Abenteuer und Teamgeist\n<\/h2>\t\t\t\t<\/div>\n\t\t\t\t<\/div>\n\t\t\t\t<div class=\"elementor-element elementor-element-60deb93 elementor-widget elementor-widget-heading\" data-id=\"60deb93\" data-element_type=\"widget\" data-e-type=\"widget\" data-widget_type=\"heading.default\">\n\t\t\t\t<div class=\"elementor-widget-container\">\n\t\t\t\t\t<h2 class=\"elementor-heading-title elementor-size-default\">Anf\u00e4ngerkurse<\/h2>\t\t\t\t<\/div>\n\t\t\t\t<\/div>\n\t\t\t\t<div class=\"elementor-element elementor-element-25f72c3b elementor-widget elementor-widget-text-editor\" data-id=\"25f72c3b\" data-element_type=\"widget\" data-e-type=\"widget\" data-widget_type=\"text-editor.default\">\n\t\t\t\t<div class=\"elementor-widget-container\">\n\t\t\t\t\t\t\t\t\t<div class=\"ce_text block\"><ul><li>Alter: ab 10 Jahren<\/li><li>Termine: 13 Mittwochnachmittage und 4 spezielle Samstage<\/li><li>Uhrzeit: 13.30 &#8211; 17.00\u00a0<\/li><li>Bootsklasse: Optimist<\/li><\/ul><\/div>\t\t\t\t\t\t\t\t<\/div>\n\t\t\t\t<\/div>\n\t\t\t\t<div class=\"elementor-element elementor-element-3466984 elementor-widget elementor-widget-heading\" data-id=\"3466984\" data-element_type=\"widget\" data-e-type=\"widget\" data-widget_type=\"heading.default\">\n\t\t\t\t<div class=\"elementor-widget-container\">\n\t\t\t\t\t<h2 class=\"elementor-heading-title elementor-size-default\">Fortgeschrittenenkurse<\/h2>\t\t\t\t<\/div>\n\t\t\t\t<\/div>\n\t\t\t\t<div class=\"elementor-element elementor-element-63be7a5 elementor-widget elementor-widget-text-editor\" data-id=\"63be7a5\" data-element_type=\"widget\" data-e-type=\"widget\" data-widget_type=\"text-editor.default\">\n\t\t\t\t<div class=\"elementor-widget-container\">\n\t\t\t\t\t\t\t\t\t<div><ul><li>Alter: ab 14 Jahren<\/li><li>Bootsklasse: Laser und Pirat<\/li><li>Highlight: Fuchsjaged &amp; BBQ Event f\u00fcr die ganze Familie<\/li><\/ul><div>Anforderungen:<\/div><div><ul><li>Schwimmkenntnisse sind erforderlich<\/li><li>Die Versicherung liegt in der Verantwortung der Teilnehmer.<\/li><\/ul><\/div><\/div>\t\t\t\t\t\t\t\t<\/div>\n\t\t\t\t<\/div>\n\t\t\t\t<div class=\"elementor-element elementor-element-b2efc39 elementor-widget elementor-widget-heading\" data-id=\"b2efc39\" data-element_type=\"widget\" data-e-type=\"widget\" data-widget_type=\"heading.default\">\n\t\t\t\t<div class=\"elementor-widget-container\">\n\t\t\t\t\t<h2 class=\"elementor-heading-title elementor-size-default\">Erwachsenensegelkurse<\/h2>\t\t\t\t<\/div>\n\t\t\t\t<\/div>\n\t\t\t\t<div class=\"elementor-element elementor-element-229b0c8 elementor-widget elementor-widget-text-editor\" data-id=\"229b0c8\" data-element_type=\"widget\" data-e-type=\"widget\" data-widget_type=\"text-editor.default\">\n\t\t\t\t<div class=\"elementor-widget-container\">\n\t\t\t\t\t\t\t\t\t<div><ul><li>Angepasst an die Bed\u00fcrfnisse der Teilnehmenden<\/li><li>Anf\u00e4ngerfreundlich<\/li><\/ul><div>Praxistreffen:<\/div><div><ul><li>In der Regel Freitags 15.00 Uhr (oder nach Absprache)<\/li><li>Etwa 2 Stunden auf dem Wasser<\/li><\/ul><div>M\u00f6glichkeit zur anschliessenden Segelpr\u00fcfung<\/div><div>\u00a0<\/div><div>Sie lernen alles, von grundlegenden Man\u00f6vern bis hin zu fortschrittenen Techniken. Ob Sie einfach nur Ihre F\u00e4higkeiten auffrischen oder die Segelpr\u00fcfung ablegen m\u00f6chten, wir haben den passenden Kurs f\u00fcr Sie<\/div><div>\u00a0<\/div><div>Besonderheiten:<\/div><div>Individuelle Nachbetreuung und zus\u00e4tzliche Lektionen auf Anfrage<\/div><\/div><\/div>\t\t\t\t\t\t\t\t<\/div>\n\t\t\t\t<\/div>\n\t\t\t\t\t<\/div>\n\t\t<\/div>\n\t\t\t\t<div class=\"elementor-column elementor-col-50 elementor-top-column elementor-element elementor-element-5e6897f3\" data-id=\"5e6897f3\" data-element_type=\"column\" data-e-type=\"column\">\n\t\t\t<div class=\"elementor-widget-wrap elementor-element-populated\">\n\t\t\t\t\t\t<div class=\"elementor-element elementor-element-75f42149 elementor-widget elementor-widget-heading\" data-id=\"75f42149\" data-element_type=\"widget\" data-e-type=\"widget\" data-widget_type=\"heading.default\">\n\t\t\t\t<div class=\"elementor-widget-container\">\n\t\t\t\t\t<h2 class=\"elementor-heading-title elementor-size-default\">Warum bei uns?<\/h2>\t\t\t\t<\/div>\n\t\t\t\t<\/div>\n\t\t\t\t<div class=\"elementor-element elementor-element-4a20be2 elementor-widget elementor-widget-text-editor\" data-id=\"4a20be2\" data-element_type=\"widget\" data-e-type=\"widget\" data-widget_type=\"text-editor.default\">\n\t\t\t\t<div class=\"elementor-widget-container\">\n\t\t\t\t\t\t\t\t\t<div><ul><li>Erfahrene Trainer<\/li><li>Hochwertige Boote<\/li><li>Flexibler Unterricht<\/li><li>Attraktive Preise<\/li><li>Famili\u00e4re Atmosph\u00e4re<\/li><\/ul><h1>Anmeldung und weitere Infos ab April auf unserer Webseite:<\/h1><\/div>\t\t\t\t\t\t\t\t<\/div>\n\t\t\t\t<\/div>\n\t\t\t\t\t<\/div>\n\t\t<\/div>\n\t\t\t\t\t<\/div>\n\t\t<\/section>\n\t\t\t\t<\/div>\n\t\t","protected":false},"excerpt":{"rendered":"<p>Segelkurse beim SCaP Segeln lernen, Freiheit erleben! Wollten Sie schon immer die Freiheit und die Faszination des Segelns erleben? Bei uns sind Sie genau richtig! Wir bieten ein vielseitiges Kursangebot f\u00fcr alle Altersklassen und Segelkenntnisse. Von jungen Seefahrern bis zu erfahrenen Erwachsenen \u2013 hier ist f\u00fcr jeden etwas dabei. Jugendseglerkurse: Abenteuer und Teamgeist Anf\u00e4ngerkurse Alter: [&hellip;]<\/p>\n","protected":false},"author":1,"featured_media":768,"parent":0,"menu_order":0,"comment_status":"closed","ping_status":"closed","template":"template-full-width.php","meta":{"footnotes":""},"class_list":["post-1302","page","type-page","status-publish","has-post-thumbnail","hentry"],"_links":{"self":[{"href":"https:\/\/scap-test.ch\/index.php?rest_route=\/wp\/v2\/pages\/1302","targetHints":{"allow":["GET"]}}],"collection":[{"href":"https:\/\/scap-test.ch\/index.php?rest_route=\/wp\/v2\/pages"}],"about":[{"href":"https:\/\/scap-test.ch\/index.php?rest_route=\/wp\/v2\/types\/page"}],"author":[{"embeddable":true,"href":"https:\/\/scap-test.ch\/index.php?rest_route=\/wp\/v2\/users\/1"}],"replies":[{"embeddable":true,"href":"https:\/\/scap-test.ch\/index.php?rest_route=%2Fwp%2Fv2%2Fcomments&post=1302"}],"version-history":[{"count":5,"href":"https:\/\/scap-test.ch\/index.php?rest_route=\/wp\/v2\/pages\/1302\/revisions"}],"predecessor-version":[{"id":1326,"href":"https:\/\/scap-test.ch\/index.php?rest_route=\/wp\/v2\/pages\/1302\/revisions\/1326"}],"wp:featuredmedia":[{"embeddable":true,"href":"https:\/\/scap-test.ch\/index.php?rest_route=\/wp\/v2\/media\/768"}],"wp:attachment":[{"href":"https:\/\/scap-test.ch\/index.php?rest_route=%2Fwp%2Fv2%2Fmedia&parent=1302"}],"curies":[{"name":"wp","href":"https:\/\/api.w.org\/{rel}","templated":true}]}}