{"id":1552,"date":"2024-03-28T22:53:05","date_gmt":"2024-03-28T20:53:05","guid":{"rendered":"https:\/\/scap-test.ch\/?page_id=1552"},"modified":"2024-03-28T22:53:07","modified_gmt":"2024-03-28T20:53:07","slug":"anmeldung-jugendsegeln","status":"publish","type":"page","link":"https:\/\/scap-test.ch\/?page_id=1552","title":{"rendered":"Anmeldung Jugendsegeln"},"content":{"rendered":"\t\t<div data-elementor-type=\"wp-page\" data-elementor-id=\"1552\" class=\"elementor elementor-1552\" data-elementor-post-type=\"page\">\n\t\t\t\t\t\t<section class=\"elementor-section elementor-top-section elementor-element elementor-element-5a59477 elementor-section-boxed elementor-section-height-default elementor-section-height-default\" data-id=\"5a59477\" data-element_type=\"section\" data-e-type=\"section\">\n\t\t\t\t\t\t<div class=\"elementor-container elementor-column-gap-default\">\n\t\t\t\t\t<div class=\"elementor-column elementor-col-100 elementor-top-column elementor-element elementor-element-a42914a\" data-id=\"a42914a\" data-element_type=\"column\" data-e-type=\"column\">\n\t\t\t<div class=\"elementor-widget-wrap elementor-element-populated\">\n\t\t\t\t\t\t<div class=\"elementor-element elementor-element-fc35dfe elementor-widget elementor-widget-shortcode\" data-id=\"fc35dfe\" data-element_type=\"widget\" data-e-type=\"widget\" data-widget_type=\"shortcode.default\">\n\t\t\t\t<div class=\"elementor-widget-container\">\n\t\t\t\t\t\t\t<div class=\"elementor-shortcode\">\n<div class=\"wpcf7 no-js\" id=\"wpcf7-f1551-o1\" lang=\"de-CH\" dir=\"ltr\" data-wpcf7-id=\"1551\">\n<div class=\"screen-reader-response\"><p role=\"status\" aria-live=\"polite\" aria-atomic=\"true\"><\/p> <ul><\/ul><\/div>\n<form action=\"\/index.php?rest_route=%2Fwp%2Fv2%2Fpages%2F1552#wpcf7-f1551-o1\" method=\"post\" class=\"wpcf7-form init\" aria-label=\"Contact form\" novalidate=\"novalidate\" data-status=\"init\">\n<fieldset class=\"hidden-fields-container\"><input type=\"hidden\" name=\"_wpcf7\" value=\"1551\" \/><input type=\"hidden\" name=\"_wpcf7_version\" value=\"6.1.5\" \/><input type=\"hidden\" name=\"_wpcf7_locale\" value=\"de_CH_informal\" \/><input type=\"hidden\" name=\"_wpcf7_unit_tag\" value=\"wpcf7-f1551-o1\" \/><input type=\"hidden\" name=\"_wpcf7_container_post\" value=\"0\" \/><input type=\"hidden\" name=\"_wpcf7_posted_data_hash\" value=\"\" \/>\n<\/fieldset>\n<link rel=\"stylesheet\" href=\"https:\/\/scap-test.ch\/wp-content\/plugins\/pdf-forms-for-contact-form-7\/css\/frontend.css\" \/><script type=\"text\/javascript\" src=\"https:\/\/scap-test.ch\/wp-content\/plugins\/pdf-forms-for-contact-form-7\/js\/frontend.js?ver=2.2.5\"><\/script><p><label> Vorname (Kind)<br \/>\n<span class=\"wpcf7-form-control-wrap\" data-name=\"child-fist-name\"><input size=\"40\" maxlength=\"400\" class=\"wpcf7-form-control wpcf7-text wpcf7-validates-as-required\" aria-required=\"true\" aria-invalid=\"false\" value=\"\" type=\"text\" name=\"child-fist-name\" \/><\/span> <\/label><br \/>\n<label> Name (Kind)<br \/>\n<span class=\"wpcf7-form-control-wrap\" data-name=\"child-name\"><input size=\"40\" maxlength=\"400\" class=\"wpcf7-form-control wpcf7-text wpcf7-validates-as-required\" aria-required=\"true\" aria-invalid=\"false\" value=\"\" type=\"text\" name=\"child-name\" \/><\/span> <\/label><br \/>\n<label> Adresse<br \/>\n<span class=\"wpcf7-form-control-wrap\" data-name=\"address\"><input size=\"40\" maxlength=\"400\" class=\"wpcf7-form-control wpcf7-text wpcf7-validates-as-required\" aria-required=\"true\" aria-invalid=\"false\" value=\"\" type=\"text\" name=\"address\" \/><\/span> <\/label><br \/>\n<label> PLZ, Ort<br \/>\n<span class=\"wpcf7-form-control-wrap\" data-name=\"cip-city\"><input size=\"40\" maxlength=\"400\" class=\"wpcf7-form-control wpcf7-text wpcf7-validates-as-required\" aria-required=\"true\" aria-invalid=\"false\" value=\"\" type=\"text\" name=\"cip-city\" \/><\/span> <\/label><br \/>\n<label> Geburtsdatum (Kind)<br \/>\n<span class=\"wpcf7-form-control-wrap\" data-name=\"date-of-birth\"><input class=\"wpcf7-form-control wpcf7-date wpcf7-validates-as-required wpcf7-validates-as-date\" aria-required=\"true\" aria-invalid=\"false\" value=\"\" type=\"date\" name=\"date-of-birth\" \/><\/span> <\/label><br \/>\n<label> Sozialversicherungsnummer (Kind)<br \/>\n<span class=\"wpcf7-form-control-wrap\" data-name=\"ssn\"><input size=\"40\" maxlength=\"400\" class=\"wpcf7-form-control wpcf7-text wpcf7-validates-as-required\" aria-required=\"true\" aria-invalid=\"false\" value=\"\" type=\"text\" name=\"ssn\" \/><\/span> <\/label><br \/>\n<label> E-Mail Eltern<br \/>\n<span class=\"wpcf7-form-control-wrap\" data-name=\"email-Parent\"><input size=\"40\" maxlength=\"400\" class=\"wpcf7-form-control wpcf7-email wpcf7-validates-as-required wpcf7-text wpcf7-validates-as-email\" aria-required=\"true\" aria-invalid=\"false\" value=\"\" type=\"email\" name=\"email-Parent\" \/><\/span> <\/label><br \/>\n<label> E-Mail Kind<br \/>\n<span class=\"wpcf7-form-control-wrap\" data-name=\"email-child\"><input size=\"40\" maxlength=\"400\" class=\"wpcf7-form-control wpcf7-email wpcf7-text wpcf7-validates-as-email\" aria-invalid=\"false\" value=\"\" type=\"email\" name=\"email-child\" \/><\/span> <\/label><br \/>\n<label> Telefon Eltern (w\u00e4hrend des Kurses)<br \/>\n<span class=\"wpcf7-form-control-wrap\" data-name=\"phone-parent\"><input size=\"40\" maxlength=\"400\" class=\"wpcf7-form-control wpcf7-tel wpcf7-validates-as-required wpcf7-text wpcf7-validates-as-tel\" aria-required=\"true\" aria-invalid=\"false\" value=\"\" type=\"tel\" name=\"phone-parent\" \/><\/span> <\/label><br \/>\n<label> Telefon Kind<br \/>\n<span class=\"wpcf7-form-control-wrap\" data-name=\"phone-child\"><input size=\"40\" maxlength=\"400\" class=\"wpcf7-form-control wpcf7-tel wpcf7-text wpcf7-validates-as-tel\" aria-invalid=\"false\" value=\"\" type=\"tel\" name=\"phone-child\" \/><\/span><\/label>\n<\/p>\n<p><label> Allergien, Krankheiten, notwendige Medikamente<br \/>\n<span class=\"wpcf7-form-control-wrap\" data-name=\"medical\"><input size=\"40\" maxlength=\"400\" class=\"wpcf7-form-control wpcf7-text wpcf7-validates-as-required\" aria-required=\"true\" aria-invalid=\"false\" value=\"\" type=\"text\" name=\"medical\" \/><\/span> <\/label>\n<\/p>\n<p><label> Seglerische Vorkenntnisse <\/label><br \/>\n<span class=\"wpcf7-form-control-wrap\" data-name=\"radio-761\"><span class=\"wpcf7-form-control wpcf7-radio\"><span class=\"wpcf7-list-item first\"><label><input type=\"radio\" name=\"radio-761\" value=\"keine Vorkenntnisse\" checked=\"checked\" \/><span class=\"wpcf7-list-item-label\">keine Vorkenntnisse<\/span><\/label><\/span><span class=\"wpcf7-list-item\"><label><input type=\"radio\" name=\"radio-761\" value=\"Erster Segelkurs absolviert\" \/><span class=\"wpcf7-list-item-label\">Erster Segelkurs absolviert<\/span><\/label><\/span><span class=\"wpcf7-list-item last\"><label><input type=\"radio\" name=\"radio-761\" value=\"gute Vorkenntnisse\" \/><span class=\"wpcf7-list-item-label\">gute Vorkenntnisse<\/span><\/label><\/span><\/span><\/span>\n<\/p>\n<p><label> Schwimmf\u00e4higkeitt<\/label><br \/>\n<span class=\"wpcf7-form-control-wrap\" data-name=\"radio-762\"><span class=\"wpcf7-form-control wpcf7-radio\"><span class=\"wpcf7-list-item first\"><label><input type=\"radio\" name=\"radio-762\" value=\"schwimmt unsicher\" checked=\"checked\" \/><span class=\"wpcf7-list-item-label\">schwimmt unsicher<\/span><\/label><\/span><span class=\"wpcf7-list-item\"><label><input type=\"radio\" name=\"radio-762\" value=\"braucht Aufsicht\" \/><span class=\"wpcf7-list-item-label\">braucht Aufsicht<\/span><\/label><\/span><span class=\"wpcf7-list-item last\"><label><input type=\"radio\" name=\"radio-762\" value=\"schwimmt sicher\" \/><span class=\"wpcf7-list-item-label\">schwimmt sicher<\/span><\/label><\/span><\/span><\/span>\n<\/p>\n<p><label> Weitere wichtige Informationen f\u00fcr das Leiterteam<br \/>\n<span class=\"wpcf7-form-control-wrap\" data-name=\"additional_info\"><textarea cols=\"40\" rows=\"10\" maxlength=\"2000\" class=\"wpcf7-form-control wpcf7-textarea\" aria-invalid=\"false\" name=\"additional_info\"><\/textarea><\/span> <\/label>\n<\/p>\n<p><label> Bemerkungen<br \/>\n<span class=\"wpcf7-form-control-wrap\" data-name=\"remarks\"><textarea cols=\"40\" rows=\"10\" maxlength=\"2000\" class=\"wpcf7-form-control wpcf7-textarea\" aria-invalid=\"false\" name=\"remarks\"><\/textarea><\/span> <\/label>\n<\/p>\n<p>Mit der Anmeldung nehmen die Eltern zur Kenntnis, dass der Kurs von ehrenamtlich t\u00e4tigen Mitgliedern durchgef\u00fchrt wird und der SCaP sowie die Kursleiter keine Haftung \u00fcbernehmen k\u00f6nnen. Die Teilnehmeranzahl des Segelkurses ist begrenzt. Die Aufnahme in den Kurs erfolgt nach Eingang der Anmeldungen.\n<\/p>\n<p>Gleichzeitig geben Sie das Einverst\u00e4ndnis, dass Fotos aus dem Kurs ohne Namensnennung verwendet werden d\u00fcrfen.\n<\/p>\n<p><span class=\"wpcf7-form-control-wrap\" data-name=\"quiz-693\"><label><span class=\"wpcf7-quiz-label\">Summe aus 8 und 6<\/span> <input size=\"40\" class=\"wpcf7-form-control wpcf7-quiz\" autocomplete=\"off\" aria-required=\"true\" aria-invalid=\"false\" type=\"text\" name=\"quiz-693\" \/><\/label><input type=\"hidden\" name=\"_wpcf7_quiz_answer_quiz-693\" value=\"90f8970e278186820c633a1f5fe96911\" \/><\/span>\n<\/p>\n<p><input class=\"wpcf7-form-control wpcf7-submit has-spinner\" type=\"submit\" value=\"Anmeldung absenden\" \/>\n<\/p><div class=\"wpcf7-response-output\" aria-hidden=\"true\"><\/div>\n<\/form>\n<\/div>\n<\/div>\n\t\t\t\t\t\t<\/div>\n\t\t\t\t<\/div>\n\t\t\t\t\t<\/div>\n\t\t<\/div>\n\t\t\t\t\t<\/div>\n\t\t<\/section>\n\t\t\t\t<\/div>\n\t\t","protected":false},"excerpt":{"rendered":"","protected":false},"author":11,"featured_media":0,"parent":0,"menu_order":0,"comment_status":"closed","ping_status":"closed","template":"template-full-width.php","meta":{"footnotes":""},"class_list":["post-1552","page","type-page","status-publish","hentry"],"_links":{"self":[{"href":"https:\/\/scap-test.ch\/index.php?rest_route=\/wp\/v2\/pages\/1552","targetHints":{"allow":["GET"]}}],"collection":[{"href":"https:\/\/scap-test.ch\/index.php?rest_route=\/wp\/v2\/pages"}],"about":[{"href":"https:\/\/scap-test.ch\/index.php?rest_route=\/wp\/v2\/types\/page"}],"author":[{"embeddable":true,"href":"https:\/\/scap-test.ch\/index.php?rest_route=\/wp\/v2\/users\/11"}],"replies":[{"embeddable":true,"href":"https:\/\/scap-test.ch\/index.php?rest_route=%2Fwp%2Fv2%2Fcomments&post=1552"}],"version-history":[{"count":2,"href":"https:\/\/scap-test.ch\/index.php?rest_route=\/wp\/v2\/pages\/1552\/revisions"}],"predecessor-version":[{"id":1554,"href":"https:\/\/scap-test.ch\/index.php?rest_route=\/wp\/v2\/pages\/1552\/revisions\/1554"}],"wp:attachment":[{"href":"https:\/\/scap-test.ch\/index.php?rest_route=%2Fwp%2Fv2%2Fmedia&parent=1552"}],"curies":[{"name":"wp","href":"https:\/\/api.w.org\/{rel}","templated":true}]}}