{"id":805,"date":"2023-07-13T18:16:53","date_gmt":"2023-07-13T16:16:53","guid":{"rendered":"https:\/\/trilzone.com\/?page_id=805"},"modified":"2023-09-01T14:15:52","modified_gmt":"2023-09-01T12:15:52","slug":"uber-uns","status":"publish","type":"page","link":"https:\/\/scap-test.ch\/?page_id=805","title":{"rendered":"\u00dcber uns"},"content":{"rendered":"\t\t<div data-elementor-type=\"wp-page\" data-elementor-id=\"805\" class=\"elementor elementor-805\" data-elementor-post-type=\"page\">\n\t\t\t\t\t\t<section class=\"elementor-section elementor-top-section elementor-element elementor-element-687c4fb elementor-section-boxed elementor-section-height-default elementor-section-height-default\" data-id=\"687c4fb\" data-element_type=\"section\" data-e-type=\"section\">\n\t\t\t\t\t\t<div class=\"elementor-container elementor-column-gap-default\">\n\t\t\t\t\t<div class=\"elementor-column elementor-col-50 elementor-top-column elementor-element elementor-element-7823ff8\" data-id=\"7823ff8\" data-element_type=\"column\" data-e-type=\"column\">\n\t\t\t<div class=\"elementor-widget-wrap elementor-element-populated\">\n\t\t\t\t\t\t<div class=\"elementor-element elementor-element-a492064 elementor-widget elementor-widget-heading\" data-id=\"a492064\" data-element_type=\"widget\" data-e-type=\"widget\" data-widget_type=\"heading.default\">\n\t\t\t\t<div class=\"elementor-widget-container\">\n\t\t\t\t\t<h2 class=\"elementor-heading-title elementor-size-default\">Segelclub am Pf\u00e4ffikersee\n<\/h2>\t\t\t\t<\/div>\n\t\t\t\t<\/div>\n\t\t\t\t<div class=\"elementor-element elementor-element-fe6dcf7 elementor-widget elementor-widget-text-editor\" data-id=\"fe6dcf7\" data-element_type=\"widget\" data-e-type=\"widget\" data-widget_type=\"text-editor.default\">\n\t\t\t\t<div class=\"elementor-widget-container\">\n\t\t\t\t\t\t\t\t\t<div class=\"ce_text block\"><p>Der Segelclub am Pf\u00e4ffikersee (SCaP) besteht seit 1953. Er ist der einzige Segelclub am Pf\u00e4ffikersee. Clubeigene Steganlagen und Trockenpl\u00e4tze, eine Slipanlage wie auch ein Clubraum beim Strandbad Auslikon bilden die Basis der seglerischen Aktivit\u00e4ten der ca. 140 Mitglieder. Der SCaP ist Mitglied von\u00a0<a href=\"http:\/\/www.swiss-sailing.ch\/\" target=\"_blank\" rel=\"noopener\">Swiss Sailing<\/a>\u00a0und des\u00a0<a href=\"http:\/\/www.zsv.info\/\">Z\u00fcrichsee-Seglerverbands (ZSV)<\/a>.<\/p><\/div><div class=\"ce_text block\">\u00a0<\/div>\t\t\t\t\t\t\t\t<\/div>\n\t\t\t\t<\/div>\n\t\t\t\t\t<\/div>\n\t\t<\/div>\n\t\t\t\t<div class=\"elementor-column elementor-col-50 elementor-top-column elementor-element elementor-element-46c3930\" data-id=\"46c3930\" data-element_type=\"column\" data-e-type=\"column\">\n\t\t\t<div class=\"elementor-widget-wrap elementor-element-populated\">\n\t\t\t\t\t\t<div class=\"elementor-element elementor-element-921ce7d elementor-widget elementor-widget-image\" data-id=\"921ce7d\" data-element_type=\"widget\" data-e-type=\"widget\" data-widget_type=\"image.default\">\n\t\t\t\t<div class=\"elementor-widget-container\">\n\t\t\t\t\t\t\t\t\t\t\t\t\t\t\t<img decoding=\"async\" width=\"110\" height=\"101\" src=\"https:\/\/scap-test.ch\/wp-content\/uploads\/2023\/07\/logo-swiss-sailing.png\" class=\"attachment-large size-large wp-image-808\" alt=\"\" \/>\t\t\t\t\t\t\t\t\t\t\t\t\t\t\t<\/div>\n\t\t\t\t<\/div>\n\t\t\t\t\t<\/div>\n\t\t<\/div>\n\t\t\t\t\t<\/div>\n\t\t<\/section>\n\t\t\t\t<section class=\"elementor-section elementor-top-section elementor-element elementor-element-a53bb6d elementor-section-boxed elementor-section-height-default elementor-section-height-default\" data-id=\"a53bb6d\" data-element_type=\"section\" data-e-type=\"section\">\n\t\t\t\t\t\t<div class=\"elementor-container elementor-column-gap-default\">\n\t\t\t\t\t<div class=\"elementor-column elementor-col-50 elementor-top-column elementor-element elementor-element-eaca162\" data-id=\"eaca162\" data-element_type=\"column\" data-e-type=\"column\">\n\t\t\t<div class=\"elementor-widget-wrap elementor-element-populated\">\n\t\t\t\t\t\t<div class=\"elementor-element elementor-element-ecae945 elementor-widget elementor-widget-heading\" data-id=\"ecae945\" data-element_type=\"widget\" data-e-type=\"widget\" data-widget_type=\"heading.default\">\n\t\t\t\t<div class=\"elementor-widget-container\">\n\t\t\t\t\t<h2 class=\"elementor-heading-title elementor-size-default\">Ziele unseres Clubs\n<\/h2>\t\t\t\t<\/div>\n\t\t\t\t<\/div>\n\t\t\t\t<div class=\"elementor-element elementor-element-3db7625 elementor-widget elementor-widget-text-editor\" data-id=\"3db7625\" data-element_type=\"widget\" data-e-type=\"widget\" data-widget_type=\"text-editor.default\">\n\t\t\t\t<div class=\"elementor-widget-container\">\n\t\t\t\t\t\t\t\t\t<div class=\"ce_text block\"><ul><li>Aus\u00fcbung des Segelsports auf dem Pf\u00e4ffikersee<\/li><li>Durchf\u00fchrung von Regatten<\/li><li>Pflege der Kameradschaft<\/li><li>Wahrung gemeinsamer Interessen<\/li><li>F\u00f6rderung des seglerischen Nachwuchses<\/li><\/ul><\/div>\t\t\t\t\t\t\t\t<\/div>\n\t\t\t\t<\/div>\n\t\t\t\t\t<\/div>\n\t\t<\/div>\n\t\t\t\t<div class=\"elementor-column elementor-col-50 elementor-top-column elementor-element elementor-element-cc2df9f\" data-id=\"cc2df9f\" data-element_type=\"column\" data-e-type=\"column\">\n\t\t\t<div class=\"elementor-widget-wrap elementor-element-populated\">\n\t\t\t\t\t\t<div class=\"elementor-element elementor-element-6263441 elementor-widget elementor-widget-heading\" data-id=\"6263441\" data-element_type=\"widget\" data-e-type=\"widget\" data-widget_type=\"heading.default\">\n\t\t\t\t<div class=\"elementor-widget-container\">\n\t\t\t\t\t<h2 class=\"elementor-heading-title elementor-size-default\">Tarife<\/h2>\t\t\t\t<\/div>\n\t\t\t\t<\/div>\n\t\t\t\t<div class=\"elementor-element elementor-element-d728722 elementor-widget elementor-widget-text-editor\" data-id=\"d728722\" data-element_type=\"widget\" data-e-type=\"widget\" data-widget_type=\"text-editor.default\">\n\t\t\t\t<div class=\"elementor-widget-container\">\n\t\t\t\t\t\t\t\t\t<div class=\"ce_text block\"><p>\u00a0<\/p><table id=\"table_68\"><tbody><tr class=\"row_0 row_first even\"><td class=\"col_0 col_first\">Aktive<\/td><td class=\"col_1 col_last\">CHF 75.-*<\/td><\/tr><tr class=\"row_1 odd\"><td class=\"col_0 col_first\">Ehe- &amp; Lebenspartner<\/td><td class=\"col_1 col_last\">CHF 40.-<\/td><\/tr><tr class=\"row_2 even\"><td class=\"col_0 col_first\">Junioren<\/td><td class=\"col_1 col_last\">CHF 20.-<\/td><\/tr><tr class=\"row_3 odd\"><td class=\"col_0 col_first\">Passive<\/td><td class=\"col_1 col_last\">CHF 30.-<\/td><\/tr><tr class=\"row_4 even\"><td class=\"col_0 col_first\">ZSV-Beitrag (Aktive)<\/td><td class=\"col_1 col_last\">CHF 11.-*<\/td><\/tr><tr class=\"row_5 odd\"><td class=\"col_0 col_first\">Beitrag Swiss Sailing (Aktive)<\/td><td class=\"col_1 col_last\">CHF 60.-*<\/td><\/tr><tr class=\"row_6 even\"><td class=\"col_0 col_first\">Eintritt Aktive<\/td><td class=\"col_1 col_last\">CHF 50.-<\/td><\/tr><tr class=\"row_7 odd\"><td class=\"col_0 col_first\">Bootsplatz<\/td><td class=\"col_1 col_last\">CHF 240.-<\/td><\/tr><tr class=\"row_8 even\"><td class=\"col_0 col_first\">Einkauf Bootsplatz<\/td><td class=\"col_1 col_last\">CHF 150.-<\/td><\/tr><tr class=\"row_9 row_last odd\"><td class=\"col_0 col_first\">*Total Aktive<\/td><td class=\"col_1 col_last\">CHF 146.-<\/td><\/tr><\/tbody><\/table><\/div>\t\t\t\t\t\t\t\t<\/div>\n\t\t\t\t<\/div>\n\t\t\t\t\t<\/div>\n\t\t<\/div>\n\t\t\t\t\t<\/div>\n\t\t<\/section>\n\t\t\t\t<\/div>\n\t\t","protected":false},"excerpt":{"rendered":"<p>Segelclub am Pf\u00e4ffikersee Der Segelclub am Pf\u00e4ffikersee (SCaP) besteht seit 1953. Er ist der einzige Segelclub am Pf\u00e4ffikersee. Clubeigene Steganlagen und Trockenpl\u00e4tze, eine Slipanlage wie auch ein Clubraum beim Strandbad Auslikon bilden die Basis der seglerischen Aktivit\u00e4ten der ca. 140 Mitglieder. Der SCaP ist Mitglied von\u00a0Swiss Sailing\u00a0und des\u00a0Z\u00fcrichsee-Seglerverbands (ZSV). \u00a0 Ziele unseres Clubs Aus\u00fcbung des [&hellip;]<\/p>\n","protected":false},"author":1,"featured_media":0,"parent":0,"menu_order":0,"comment_status":"closed","ping_status":"closed","template":"template-full-width.php","meta":{"footnotes":""},"class_list":["post-805","page","type-page","status-publish","hentry"],"_links":{"self":[{"href":"https:\/\/scap-test.ch\/index.php?rest_route=\/wp\/v2\/pages\/805","targetHints":{"allow":["GET"]}}],"collection":[{"href":"https:\/\/scap-test.ch\/index.php?rest_route=\/wp\/v2\/pages"}],"about":[{"href":"https:\/\/scap-test.ch\/index.php?rest_route=\/wp\/v2\/types\/page"}],"author":[{"embeddable":true,"href":"https:\/\/scap-test.ch\/index.php?rest_route=\/wp\/v2\/users\/1"}],"replies":[{"embeddable":true,"href":"https:\/\/scap-test.ch\/index.php?rest_route=%2Fwp%2Fv2%2Fcomments&post=805"}],"version-history":[{"count":7,"href":"https:\/\/scap-test.ch\/index.php?rest_route=\/wp\/v2\/pages\/805\/revisions"}],"predecessor-version":[{"id":1281,"href":"https:\/\/scap-test.ch\/index.php?rest_route=\/wp\/v2\/pages\/805\/revisions\/1281"}],"wp:attachment":[{"href":"https:\/\/scap-test.ch\/index.php?rest_route=%2Fwp%2Fv2%2Fmedia&parent=805"}],"curies":[{"name":"wp","href":"https:\/\/api.w.org\/{rel}","templated":true}]}}