{"id":812,"date":"2023-07-13T18:23:53","date_gmt":"2023-07-13T16:23:53","guid":{"rendered":"https:\/\/trilzone.com\/?page_id=812"},"modified":"2024-04-09T08:50:03","modified_gmt":"2024-04-09T06:50:03","slug":"clubboote","status":"publish","type":"page","link":"https:\/\/scap-test.ch\/?page_id=812","title":{"rendered":"ClubBoote"},"content":{"rendered":"\t\t<div data-elementor-type=\"wp-page\" data-elementor-id=\"812\" class=\"elementor elementor-812\" data-elementor-post-type=\"page\">\n\t\t\t\t\t\t<section class=\"elementor-section elementor-top-section elementor-element elementor-element-3391975 elementor-section-boxed elementor-section-height-default elementor-section-height-default\" data-id=\"3391975\" data-element_type=\"section\" data-e-type=\"section\">\n\t\t\t\t\t\t<div class=\"elementor-container elementor-column-gap-default\">\n\t\t\t\t\t<div class=\"elementor-column elementor-col-100 elementor-top-column elementor-element elementor-element-c4c7f64\" data-id=\"c4c7f64\" data-element_type=\"column\" data-e-type=\"column\">\n\t\t\t<div class=\"elementor-widget-wrap elementor-element-populated\">\n\t\t\t\t\t\t<div class=\"elementor-element elementor-element-6bd9474 elementor-widget elementor-widget-heading\" data-id=\"6bd9474\" data-element_type=\"widget\" data-e-type=\"widget\" data-widget_type=\"heading.default\">\n\t\t\t\t<div class=\"elementor-widget-container\">\n\t\t\t\t\t<h1 class=\"elementor-heading-title elementor-size-default\">Clubboote<\/h1>\t\t\t\t<\/div>\n\t\t\t\t<\/div>\n\t\t\t\t<div class=\"elementor-element elementor-element-f59a024 elementor-widget elementor-widget-text-editor\" data-id=\"f59a024\" data-element_type=\"widget\" data-e-type=\"widget\" data-widget_type=\"text-editor.default\">\n\t\t\t\t<div class=\"elementor-widget-container\">\n\t\t\t\t\t\t\t\t\t<div class=\"ce_text block\"><p>Mitglieder des SCaP k\u00f6nnen gegen einen kleinen Unkostenbeitrag drei Clubboote nutzen: Eine C55, zugelassen f\u00fcr 5 Personen, ein Pirat, zugelassen f\u00fcr 3 Personen und ein Laser, zugelassen f\u00fcr 2 Personen.<\/p><p>Es stehen pro Tag drei Zeitslots zur Verf\u00fcgung: Morgen, Nachmittag und Abend. Alle Boote werden im\u00a0<a href=\"https:\/\/scap-test.ch\/?page_id=1017\" target=\"_blank\" rel=\"noopener\" data-wplink-edit=\"true\">Online-Reservationssystem<\/a> (nur f\u00fcr Mitglieder) reserviert.<\/p><p>Allf\u00e4llige Defekte werden direkt bei den Betreuern oder \u00fcber\u00a0<a href=\"mailto:clubboote@scap.ch\">clubboote@scap.ch<\/a>\u00a0gemeldet.<\/p><p>Anfangs Saison werden Instruktionen f\u00fcr die 3 Boote angeboten. Die Daten dazu finden sich im Jahresprogramm. Bei Bedarf w\u00e4hrend der Saison, wendet euch bitte an die entsprechend zust\u00e4ndigen Personen.<br \/><br \/><strong>Wichtig: Eine Instruktion ersetzt keinen Segelkurs!<\/strong>\u00a0Segelkenntnisse werden vorausgesetzt. Eine Instruktion erkl\u00e4rt nur die Eigenheiten des jeweiligen Bootes\/Bootsplatzes\/Clubboot-Handlings allgemein!<\/p><\/div>\t\t\t\t\t\t\t\t<\/div>\n\t\t\t\t<\/div>\n\t\t\t\t\t<\/div>\n\t\t<\/div>\n\t\t\t\t\t<\/div>\n\t\t<\/section>\n\t\t\t\t<section class=\"elementor-section elementor-top-section elementor-element elementor-element-aaee514 elementor-section-boxed elementor-section-height-default elementor-section-height-default\" data-id=\"aaee514\" data-element_type=\"section\" data-e-type=\"section\">\n\t\t\t\t\t\t<div class=\"elementor-container elementor-column-gap-default\">\n\t\t\t\t\t<div class=\"elementor-column elementor-col-50 elementor-top-column elementor-element elementor-element-13cb85a\" data-id=\"13cb85a\" data-element_type=\"column\" data-e-type=\"column\">\n\t\t\t<div class=\"elementor-widget-wrap elementor-element-populated\">\n\t\t\t\t\t\t<div class=\"elementor-element elementor-element-1f753d4 elementor-widget elementor-widget-heading\" data-id=\"1f753d4\" data-element_type=\"widget\" data-e-type=\"widget\" data-widget_type=\"heading.default\">\n\t\t\t\t<div class=\"elementor-widget-container\">\n\t\t\t\t\t<h2 class=\"elementor-heading-title elementor-size-default\">Pirat<\/h2>\t\t\t\t<\/div>\n\t\t\t\t<\/div>\n\t\t\t\t<div class=\"elementor-element elementor-element-13b3d03 elementor-widget elementor-widget-text-editor\" data-id=\"13b3d03\" data-element_type=\"widget\" data-e-type=\"widget\" data-widget_type=\"text-editor.default\">\n\t\t\t\t<div class=\"elementor-widget-container\">\n\t\t\t\t\t\t\t\t\t<div class=\"ce_text block\"><p>Eine Jugend- und Einsteigerjolle, geeignet f\u00fcr 3 Personen<\/p><p>Betreuer: Markus Peyer, <a href=\"mailto:pirat@scap.ch\">pirat@scap.ch<\/a><\/p><p>Unkostenbeitrag: 15.- pro Ausfahrt<\/p><p><a href=\"https:\/\/scap-test.ch\/files\/verein\/club-boote\/scap-nutzungsregeln-clubboote.pdf\" target=\"_blank\" rel=\"noopener\">Nutzungsbestimmungen<\/a><\/p><\/div>\t\t\t\t\t\t\t\t<\/div>\n\t\t\t\t<\/div>\n\t\t\t\t\t<\/div>\n\t\t<\/div>\n\t\t\t\t<div class=\"elementor-column elementor-col-50 elementor-top-column elementor-element elementor-element-fad50fe\" data-id=\"fad50fe\" data-element_type=\"column\" data-e-type=\"column\">\n\t\t\t<div class=\"elementor-widget-wrap elementor-element-populated\">\n\t\t\t\t\t\t<div class=\"elementor-element elementor-element-b8ac898 elementor-widget elementor-widget-image\" data-id=\"b8ac898\" data-element_type=\"widget\" data-e-type=\"widget\" data-widget_type=\"image.default\">\n\t\t\t\t<div class=\"elementor-widget-container\">\n\t\t\t\t\t\t\t\t\t\t\t\t\t\t\t<img fetchpriority=\"high\" decoding=\"async\" width=\"214\" height=\"302\" src=\"https:\/\/scap-test.ch\/wp-content\/uploads\/2023\/07\/11.png\" class=\"attachment-large size-large wp-image-818\" alt=\"\" srcset=\"https:\/\/scap-test.ch\/wp-content\/uploads\/2023\/07\/11.png 214w, https:\/\/scap-test.ch\/wp-content\/uploads\/2023\/07\/11-213x300.png 213w\" sizes=\"(max-width: 214px) 100vw, 214px\" \/>\t\t\t\t\t\t\t\t\t\t\t\t\t\t\t<\/div>\n\t\t\t\t<\/div>\n\t\t\t\t\t<\/div>\n\t\t<\/div>\n\t\t\t\t\t<\/div>\n\t\t<\/section>\n\t\t\t\t<section class=\"elementor-section elementor-top-section elementor-element elementor-element-cf814d4 elementor-section-boxed elementor-section-height-default elementor-section-height-default\" data-id=\"cf814d4\" data-element_type=\"section\" data-e-type=\"section\">\n\t\t\t\t\t\t<div class=\"elementor-container elementor-column-gap-default\">\n\t\t\t\t\t<div class=\"elementor-column elementor-col-50 elementor-top-column elementor-element elementor-element-fd0d893\" data-id=\"fd0d893\" data-element_type=\"column\" data-e-type=\"column\">\n\t\t\t<div class=\"elementor-widget-wrap elementor-element-populated\">\n\t\t\t\t\t\t<div class=\"elementor-element elementor-element-d573d3c elementor-widget elementor-widget-heading\" data-id=\"d573d3c\" data-element_type=\"widget\" data-e-type=\"widget\" data-widget_type=\"heading.default\">\n\t\t\t\t<div class=\"elementor-widget-container\">\n\t\t\t\t\t<h2 class=\"elementor-heading-title elementor-size-default\">C55<\/h2>\t\t\t\t<\/div>\n\t\t\t\t<\/div>\n\t\t\t\t<div class=\"elementor-element elementor-element-6815b68 elementor-widget elementor-widget-text-editor\" data-id=\"6815b68\" data-element_type=\"widget\" data-e-type=\"widget\" data-widget_type=\"text-editor.default\">\n\t\t\t\t<div class=\"elementor-widget-container\">\n\t\t\t\t\t\t\t\t\t<div class=\"ce_text block\"><p>Ein modernes Hubkielboot, geeignet f\u00fcr\u00a05 Personen, ideal f\u00fcr Familien<\/p><p>Betreuer: Johannes Meuser,\u00a0<a href=\"mailto:c55@scap.ch\">c55@scap.ch<\/a><\/p><p>Unkostenbeitrag: CHF 20.- pro Ausfahrt<\/p><\/div>\t\t\t\t\t\t\t\t<\/div>\n\t\t\t\t<\/div>\n\t\t\t\t<div class=\"elementor-element elementor-element-0ad33d4 elementor-widget elementor-widget-spacer\" data-id=\"0ad33d4\" data-element_type=\"widget\" data-e-type=\"widget\" data-widget_type=\"spacer.default\">\n\t\t\t\t<div class=\"elementor-widget-container\">\n\t\t\t\t\t\t\t<div class=\"elementor-spacer\">\n\t\t\t<div class=\"elementor-spacer-inner\"><\/div>\n\t\t<\/div>\n\t\t\t\t\t\t<\/div>\n\t\t\t\t<\/div>\n\t\t\t\t<div class=\"elementor-element elementor-element-26acebb elementor-widget elementor-widget-heading\" data-id=\"26acebb\" data-element_type=\"widget\" data-e-type=\"widget\" data-widget_type=\"heading.default\">\n\t\t\t\t<div class=\"elementor-widget-container\">\n\t\t\t\t\t<h2 class=\"elementor-heading-title elementor-size-default\">Laser<\/h2>\t\t\t\t<\/div>\n\t\t\t\t<\/div>\n\t\t\t\t<div class=\"elementor-element elementor-element-3210b5c elementor-widget elementor-widget-text-editor\" data-id=\"3210b5c\" data-element_type=\"widget\" data-e-type=\"widget\" data-widget_type=\"text-editor.default\">\n\t\t\t\t<div class=\"elementor-widget-container\">\n\t\t\t\t\t\t\t\t\t<div class=\"ce_text block\"><p>Ideales Ein-Personen-Boot, Einsteigerjolle, 2 Personen erlaubt, 1 empfehlenswert<\/p><p>Betreuer: Markus L\u00fcthi,\u00a0<a href=\"mailto:laser@scap.ch\">laser@scap.ch<\/a><\/p><p>Unkostenbeitrag: 10.- pro Ausfahrt<\/p><\/div>\t\t\t\t\t\t\t\t<\/div>\n\t\t\t\t<\/div>\n\t\t\t\t\t<\/div>\n\t\t<\/div>\n\t\t\t\t<div class=\"elementor-column elementor-col-50 elementor-top-column elementor-element elementor-element-b8be420\" data-id=\"b8be420\" data-element_type=\"column\" data-e-type=\"column\">\n\t\t\t<div class=\"elementor-widget-wrap elementor-element-populated\">\n\t\t\t\t\t\t<div class=\"elementor-element elementor-element-5797a90 elementor-widget elementor-widget-image\" data-id=\"5797a90\" data-element_type=\"widget\" data-e-type=\"widget\" data-widget_type=\"image.default\">\n\t\t\t\t<div class=\"elementor-widget-container\">\n\t\t\t\t\t\t\t\t\t\t\t\t\t\t\t<img decoding=\"async\" width=\"213\" height=\"304\" src=\"https:\/\/scap-test.ch\/wp-content\/uploads\/2023\/07\/22.png\" class=\"attachment-large size-large wp-image-819\" alt=\"\" srcset=\"https:\/\/scap-test.ch\/wp-content\/uploads\/2023\/07\/22.png 213w, https:\/\/scap-test.ch\/wp-content\/uploads\/2023\/07\/22-210x300.png 210w\" sizes=\"(max-width: 213px) 100vw, 213px\" \/>\t\t\t\t\t\t\t\t\t\t\t\t\t\t\t<\/div>\n\t\t\t\t<\/div>\n\t\t\t\t<div class=\"elementor-element elementor-element-bcf649c elementor-widget elementor-widget-image\" data-id=\"bcf649c\" data-element_type=\"widget\" data-e-type=\"widget\" data-widget_type=\"image.default\">\n\t\t\t\t<div class=\"elementor-widget-container\">\n\t\t\t\t\t\t\t\t\t\t\t\t\t\t\t<img decoding=\"async\" width=\"199\" height=\"300\" src=\"https:\/\/scap-test.ch\/wp-content\/uploads\/2023\/09\/Laser-199x300.jpg\" class=\"attachment-medium size-medium wp-image-1367\" alt=\"\" srcset=\"https:\/\/scap-test.ch\/wp-content\/uploads\/2023\/09\/Laser-199x300.jpg 199w, https:\/\/scap-test.ch\/wp-content\/uploads\/2023\/09\/Laser.jpg 401w\" sizes=\"(max-width: 199px) 100vw, 199px\" \/>\t\t\t\t\t\t\t\t\t\t\t\t\t\t\t<\/div>\n\t\t\t\t<\/div>\n\t\t\t\t\t<\/div>\n\t\t<\/div>\n\t\t\t\t\t<\/div>\n\t\t<\/section>\n\t\t\t\t<\/div>\n\t\t","protected":false},"excerpt":{"rendered":"<p>Clubboote Mitglieder des SCaP k\u00f6nnen gegen einen kleinen Unkostenbeitrag drei Clubboote nutzen: Eine C55, zugelassen f\u00fcr 5 Personen, ein Pirat, zugelassen f\u00fcr 3 Personen und ein Laser, zugelassen f\u00fcr 2 Personen. Es stehen pro Tag drei Zeitslots zur Verf\u00fcgung: Morgen, Nachmittag und Abend. Alle Boote werden im\u00a0Online-Reservationssystem (nur f\u00fcr Mitglieder) reserviert. Allf\u00e4llige Defekte werden direkt [&hellip;]<\/p>\n","protected":false},"author":1,"featured_media":0,"parent":0,"menu_order":0,"comment_status":"closed","ping_status":"closed","template":"template-full-width.php","meta":{"footnotes":""},"class_list":["post-812","page","type-page","status-publish","hentry"],"_links":{"self":[{"href":"https:\/\/scap-test.ch\/index.php?rest_route=\/wp\/v2\/pages\/812","targetHints":{"allow":["GET"]}}],"collection":[{"href":"https:\/\/scap-test.ch\/index.php?rest_route=\/wp\/v2\/pages"}],"about":[{"href":"https:\/\/scap-test.ch\/index.php?rest_route=\/wp\/v2\/types\/page"}],"author":[{"embeddable":true,"href":"https:\/\/scap-test.ch\/index.php?rest_route=\/wp\/v2\/users\/1"}],"replies":[{"embeddable":true,"href":"https:\/\/scap-test.ch\/index.php?rest_route=%2Fwp%2Fv2%2Fcomments&post=812"}],"version-history":[{"count":29,"href":"https:\/\/scap-test.ch\/index.php?rest_route=\/wp\/v2\/pages\/812\/revisions"}],"predecessor-version":[{"id":1759,"href":"https:\/\/scap-test.ch\/index.php?rest_route=\/wp\/v2\/pages\/812\/revisions\/1759"}],"wp:attachment":[{"href":"https:\/\/scap-test.ch\/index.php?rest_route=%2Fwp%2Fv2%2Fmedia&parent=812"}],"curies":[{"name":"wp","href":"https:\/\/api.w.org\/{rel}","templated":true}]}}